{"id":5074,"date":"2014-11-02T11:42:48","date_gmt":"2014-11-02T11:42:48","guid":{"rendered":"http:\/\/odsmetal-ks.com\/?page_id=5074"},"modified":"2018-01-20T00:06:43","modified_gmt":"2018-01-20T00:06:43","slug":"ballina","status":"publish","type":"page","link":"https:\/\/www.odsmetal-ks.com\/","title":{"rendered":"Ballina"},"content":{"rendered":"<div class=\"wpb-content-wrapper\">[vc_row][vc_column width=\"1\/3\"]<div class=\"iconbox text_center non_framed top_icon_circle\" style=\"\"><div class=\"top_icon_circle aligncenter\"><i class=\"icon fa fa-line-chart  standard circle\" style=\"color:#ffffff; background-color:#dd3333; border-color:#dd3333;\"><\/i><h3>KUALITET<\/h3><\/div><div class=\"excerpt\">\n<p style=\"text-align: center;\">ODS METAL ofron prodhime kualitative t\u00eb produkt\u00ebve t\u00eb ndryshme nga teli , t\u00eb prodhuara sipas standard\u00ebve bashkohore dhe garanton p\u00ebr cil\u00ebsin e tyre<\/p>\n<\/div><\/div>[\/vc_column][vc_column width=\"1\/3\"]<div class=\"iconbox text_center non_framed top_icon_circle\" style=\"\"><div class=\"top_icon_circle aligncenter\"><i class=\"icon fa fa-cogs  standard circle\" style=\"color:#ffffff; background-color:#1e73be; border-color:#1e73be;\"><\/i><h3>ASORTIMAN I GJ\u00cbR\u00cb<\/h3><\/div><div class=\"excerpt\">\n<p style=\"text-align: center;\">N\u00eb dispozicion p\u00ebr shitje me shumic\u00eb dhe pakic\u00eb n\u00eb \u00e7do koh\u00eb t\u00eb p\u00ebrshtatshme pa kufizim n\u00eb sasi.<\/p>\n<\/div><\/div>[\/vc_column][vc_column width=\"1\/3\"]<div class=\"iconbox text_center non_framed top_icon_circle\" style=\"\"><div class=\"top_icon_circle aligncenter\"><i class=\"icon fa fa-key standard circle\" style=\"color:#ffffff; background-color:#81d742; border-color:#81d742;\"><\/i><h3>SIGURI<\/h3><\/div><div class=\"excerpt\">\n<p style=\"text-align: center;\">Shfryt\u00ebzimi i produkt\u00ebve t\u00eb ODS METAL garanton siguri t\u00eb objekt\u00ebve nd\u00ebrtimore kolektive dhe individuale<\/p>\n<\/div><\/div>[\/vc_column][\/vc_row][vc_row css=\".vc_custom_1415464929925{padding-top: 15px !important;padding-bottom: 0px !important;}\" parallax=\"no\"][vc_column width=\"1\/1\"][vc_cta_button call_text=\"SHKARKO KATALOGUN E PRODUKTEVE ME DIMENZIONE\" title=\"SHKARKO\" target=\"_self\" color=\"btn-danger\" icon=\"wpb_document_pdf\" size=\"btn-large\" position=\"cta_align_bottom\" href=\"http:\/\/www.google.com\"][\/vc_column][\/vc_row][vc_row parallax=\"no\" row_section_id=\"80\" css=\".vc_custom_1415216586983{padding-top: 60px !important;padding-bottom: 40px !important;}\"][vc_column width=\"1\/1\"][vc_text_separator title=\"Disa prej produkteve tona\" title_align=\"separator_align_center\" color=\"blue\"][\/vc_column][\/vc_row]\n<\/div>","protected":false},"excerpt":{"rendered":"<p>[vc_row][vc_column width=&#8221;1\/3&#8243;]KUALITET<\/p>\n<p style=\"text-align: center;\">ODS METAL ofron prodhime kualitative t\u00eb produkt\u00ebve t\u00eb ndryshme nga teli , t\u00eb prodhuara sipas standard\u00ebve bashkohore dhe garanton p\u00ebr cil\u00ebsin e tyre<\/p>\n<p>[\/vc_column][vc_column width=&#8221;1\/3&#8243;]ASORTIMAN I GJ\u00cbR\u00cb<\/p>\n<p style=\"text-align: center;\">N\u00eb dispozicion p\u00ebr shitje me shumic\u00eb dhe pakic\u00eb n\u00eb \u00e7do koh\u00eb t\u00eb p\u00ebrshtatshme pa kufizim n\u00eb sasi.<\/p>\n<p>[\/vc_column][vc_column width=&#8221;1\/3&#8243;]SIGURI<\/p>\n<p style=\"text-align: center;\">Shfryt\u00ebzimi i produkt\u00ebve t\u00eb ODS METAL garanton siguri t\u00eb objekt\u00ebve nd\u00ebrtimore kolektive dhe individuale<\/p>\n<p>[\/vc_column][\/vc_row][vc_row css=&#8221;.vc_custom_1415464929925{padding-top: 15px !important;padding-bottom: 0px !important;}&#8221; parallax=&#8221;no&#8221;][vc_column width=&#8221;1\/1&#8243;][vc_cta_button call_text=&#8221;SHKARKO KATALOGUN E PRODUKTEVE ME DIMENZIONE&#8221; title=&#8221;SHKARKO&#8221; target=&#8221;_self&#8221; color=&#8221;btn-danger&#8221; icon=&#8221;wpb_document_pdf&#8221; size=&#8221;btn-large&#8221; position=&#8221;cta_align_bottom&#8221; href=&#8221;http:\/\/www.google.com&#8221;][\/vc_column][\/vc_row][vc_row parallax=&#8221;no&#8221; row_section_id=&#8221;80&#8243; css=&#8221;.vc_custom_1415216586983{padding-top: 60px !important;padding-bottom: 40px !important;}&#8221;][vc_column<\/p>\n","protected":false},"author":1,"featured_media":0,"parent":0,"menu_order":0,"comment_status":"closed","ping_status":"open","template":"page-portfolio-col3.php","meta":{"footnotes":""},"class_list":["post-5074","page","type-page","status-publish","hentry"],"_links":{"self":[{"href":"https:\/\/www.odsmetal-ks.com\/index.php?rest_route=\/wp\/v2\/pages\/5074","targetHints":{"allow":["GET"]}}],"collection":[{"href":"https:\/\/www.odsmetal-ks.com\/index.php?rest_route=\/wp\/v2\/pages"}],"about":[{"href":"https:\/\/www.odsmetal-ks.com\/index.php?rest_route=\/wp\/v2\/types\/page"}],"author":[{"embeddable":true,"href":"https:\/\/www.odsmetal-ks.com\/index.php?rest_route=\/wp\/v2\/users\/1"}],"replies":[{"embeddable":true,"href":"https:\/\/www.odsmetal-ks.com\/index.php?rest_route=%2Fwp%2Fv2%2Fcomments&post=5074"}],"version-history":[{"count":5,"href":"https:\/\/www.odsmetal-ks.com\/index.php?rest_route=\/wp\/v2\/pages\/5074\/revisions"}],"predecessor-version":[{"id":5385,"href":"https:\/\/www.odsmetal-ks.com\/index.php?rest_route=\/wp\/v2\/pages\/5074\/revisions\/5385"}],"wp:attachment":[{"href":"https:\/\/www.odsmetal-ks.com\/index.php?rest_route=%2Fwp%2Fv2%2Fmedia&parent=5074"}],"curies":[{"name":"wp","href":"https:\/\/api.w.org\/{rel}","templated":true}]}}