{"id":5076,"date":"2014-11-02T11:43:11","date_gmt":"2014-11-02T11:43:11","guid":{"rendered":"http:\/\/odsmetal-ks.com\/?page_id=5076"},"modified":"2025-10-16T13:38:23","modified_gmt":"2025-10-16T13:38:23","slug":"per-ne","status":"publish","type":"page","link":"https:\/\/www.odsmetal-ks.com\/?page_id=5076","title":{"rendered":"P\u00ebr ne"},"content":{"rendered":"<div class=\"wpb-content-wrapper\">[vc_row][vc_column width=\"1\/4\"][\/vc_column][vc_column width=\"1\/2\"][vc_column_text]\n<p style=\"text-align: center;\"><strong>Historiku i kompanis\u00eb<\/strong><\/p>\n<p style=\"text-align: center;\">Nd\u00ebrmarrja Private \u201c ODS METAL \u201c, sh.p.k., me seli n\u00eb Rahovec, \u00ebsht\u00eb themeluar n\u00eb vitin 2010 nga Osman Sopaj nga Rahoveci, person me p\u00ebrvoj\u00eb shum\u00eb t\u00eb gjat\u00eb n\u00eb l\u00ebmin e menagjmentit, p\u00ebrpunimit t\u00eb telit, prodhimit t\u00eb gozhdave, mbajt\u00ebsve statik si dhe t\u00eb produkt\u00ebve tjera nga teli.<\/p>\n<p style=\"text-align: center;\"><strong>Lokacioni ku zhvillohet veprimtaria ekonomike<\/strong><\/p>\n<p style=\"text-align: center;\">Kapacitet prodhuese t\u00eb kompanis\u00eb jan\u00eb lokuar n\u00eb Rr. Shkelzen Krasniqi, Tranzit Rahovec- Suharek\u00eb, n\u00eb nj\u00eb lokacion strategjik p\u00ebr prodhimtari.<\/p>\n<p style=\"text-align: center;\"><strong>Tradita afariste dhe potenciali ekonomik\u00eb\u00a0<\/strong><\/p>\n<p style=\"text-align: center;\">Kompania \u201cODS METAL\u201csh.p.k., \u00ebsht\u00eb shum\u00eb konkurente n\u00eb treg dhe ka nj\u00eb tradit\u00eb\u00a0 n\u00eb prodhimin e produkt\u00ebve t\u00eb ndryshme nga teli, si dhe n\u00eb plasmanin e produkt\u00ebve t\u00eb prodhuara.<\/p>\n<p style=\"text-align: center;\">Kompania ka nj\u00eb potencial solid ekonomik\u00eb, i cili mund\u00ebson progres n\u00eb zhvillim, duke u bazuar n\u00eb investimet kapitale n\u00eb zgj\u00ebrimin e hapsirave p\u00ebr pun\u00eb, siq jan\u00eb: Objekti i prodhimit n\u00eb sip\u00ebrfaqe t\u00eb p\u00ebrgjith\u00ebshme prej 1350 m2, si dhe n\u00eb investimet kapitale t\u00eb realizuara p\u00ebr blerjen e paisjeve \u2013 teknologjis\u00eb p\u00ebr p\u00ebrpunimin e telit, gozhdave dhe mbajt\u00ebsve statik.<\/p>\n<p style=\"text-align: center;\"><strong>Veprimtaria kryesore e kompanis\u00eb \u00ebsht\u00eb :<\/strong><\/p>\n<p style=\"text-align: center;\">Prodhimi i gozhdave,<br \/>\nProdhimi i mbajt\u00ebsve statik<\/p>\n<p style=\"text-align: center;\">Kompania ODS METAL sh.p.k. posedon pajisje teknologjike \u2013 makineri, p\u00ebrmes t\u00eb cilave , brenda nj\u00eb dit\u00eb pune mund t\u00eb prodhoj\u00eb sasi t\u00eb mjaftueshme t\u00eb gozhdave dhe mbajt\u00ebsve statik.<\/p>\n<p style=\"text-align: center;\"><strong>Menaxhmenti dhe t\u00eb pun\u00ebsuarit \u2013 pun\u00ebsimi :<\/strong><\/p>\n<p style=\"text-align: center;\">Kompania menagjohet - udh\u00ebheqet nga pronari i kompanis\u00eb Osman Sopaj, i cili nj\u00ebherit kryen edhe detyren e Drejtorit t\u00eb kompanis\u00eb dhe \u00ebsht\u00eb p\u00ebrgjegj\u00ebs p\u00ebr organizimin e procesit t\u00eb pun\u00ebs dhe prodhimit.<\/p>\n<p style=\"text-align: center;\">Kompania p\u00ebrveq pronarit, ka te pun\u00ebsuar pun\u00ebtor t\u00eb mjaftuesh\u00ebm, t\u00eb cil\u00ebt angazhohen n\u00eb detyra t\u00eb ndryshme t\u00eb pun\u00ebs, n\u00eb funksion t\u00eb ushtrimit t\u00eb veprimtaris\u00eb ekonomike p\u00ebr te cilen \u00ebsht\u00eb regjistruar n\u00eb ARBK.<\/p>\n[\/vc_column_text][\/vc_column][vc_column width=\"1\/4\"][\/vc_column][\/vc_row]\n<\/div>","protected":false},"excerpt":{"rendered":"<p>[vc_row][vc_column width=&#8221;1\/4&#8243;][\/vc_column][vc_column width=&#8221;1\/2&#8243;][vc_column_text]<\/p>\n<p style=\"text-align: center;\">Historiku i kompanis\u00eb<\/p>\n<p style=\"text-align: center;\">Nd\u00ebrmarrja Private \u201c ODS METAL \u201c, sh.p.k., me seli n\u00eb Rahovec, \u00ebsht\u00eb themeluar n\u00eb vitin 2010 nga Osman Sopaj nga Rahoveci, person me p\u00ebrvoj\u00eb shum\u00eb t\u00eb gjat\u00eb n\u00eb l\u00ebmin e menagjmentit, p\u00ebrpunimit t\u00eb telit, prodhimit t\u00eb gozhdave, mbajt\u00ebsve statik si dhe t\u00eb produkt\u00ebve tjera nga teli.<\/p>\n<p style=\"text-align: center;\">Lokacioni ku zhvillohet veprimtaria ekonomike<\/p>\n<p style=\"text-align: center;\">Kapacitet prodhuese t\u00eb kompanis\u00eb jan\u00eb lokuar n\u00eb Rr. Shkelzen Krasniqi, Tranzit Rahovec- Suharek\u00eb, n\u00eb nj\u00eb lokacion strategjik p\u00ebr prodhimtari.<\/p>\n<p style=\"text-align: center;\">Tradita afariste dhe potenciali ekonomik\u00eb\u00a0<\/p>\n<p style=\"text-align: center;\">Kompania \u201cODS METAL\u201csh.p.k.,<\/p>\n","protected":false},"author":1,"featured_media":0,"parent":0,"menu_order":0,"comment_status":"closed","ping_status":"open","template":"page-nosidebar.php","meta":{"footnotes":""},"class_list":["post-5076","page","type-page","status-publish","hentry"],"_links":{"self":[{"href":"https:\/\/www.odsmetal-ks.com\/index.php?rest_route=\/wp\/v2\/pages\/5076","targetHints":{"allow":["GET"]}}],"collection":[{"href":"https:\/\/www.odsmetal-ks.com\/index.php?rest_route=\/wp\/v2\/pages"}],"about":[{"href":"https:\/\/www.odsmetal-ks.com\/index.php?rest_route=\/wp\/v2\/types\/page"}],"author":[{"embeddable":true,"href":"https:\/\/www.odsmetal-ks.com\/index.php?rest_route=\/wp\/v2\/users\/1"}],"replies":[{"embeddable":true,"href":"https:\/\/www.odsmetal-ks.com\/index.php?rest_route=%2Fwp%2Fv2%2Fcomments&post=5076"}],"version-history":[{"count":5,"href":"https:\/\/www.odsmetal-ks.com\/index.php?rest_route=\/wp\/v2\/pages\/5076\/revisions"}],"predecessor-version":[{"id":5371,"href":"https:\/\/www.odsmetal-ks.com\/index.php?rest_route=\/wp\/v2\/pages\/5076\/revisions\/5371"}],"wp:attachment":[{"href":"https:\/\/www.odsmetal-ks.com\/index.php?rest_route=%2Fwp%2Fv2%2Fmedia&parent=5076"}],"curies":[{"name":"wp","href":"https:\/\/api.w.org\/{rel}","templated":true}]}}